{"id":9533,"date":"2025-04-22T10:58:28","date_gmt":"2025-04-22T08:58:28","guid":{"rendered":"https:\/\/wyen.ihrname.be\/hochwasserschutz\/?page_id=9533"},"modified":"2025-04-29T11:02:21","modified_gmt":"2025-04-29T09:02:21","slug":"qualitaet-infos","status":"publish","type":"page","link":"https:\/\/wyen.ihrname.be\/hochwasserschutz\/qualitaet-infos\/","title":{"rendered":"Qualit\u00e4t &#038; Infos"},"content":{"rendered":"\t\t<div data-elementor-type=\"wp-page\" data-elementor-id=\"9533\" class=\"elementor elementor-9533\">\n\t\t\t\t\t\t<section class=\"elementor-section elementor-top-section elementor-element elementor-element-6052279 elementor-section-boxed elementor-section-height-default elementor-section-height-default mkdf-parallax-row-no mkdf-content-aligment-left mkdf-elementor-row-grid-no mkdf-disabled-bg-image-bellow-no mkdf-row-btt-light\" data-id=\"6052279\" data-element_type=\"section\" data-settings=\"{&quot;background_background&quot;:&quot;classic&quot;}\">\n\t\t\t\t\t\t<div class=\"elementor-container elementor-column-gap-default\">\n\t\t\t\t\t<div class=\"elementor-column elementor-col-50 elementor-top-column elementor-element elementor-element-7ad9d14 elementor-hidden-tablet elementor-hidden-phone\" data-id=\"7ad9d14\" data-element_type=\"column\">\n\t\t\t<div class=\"elementor-widget-wrap\">\n\t\t\t\t\t\t\t<\/div>\n\t\t<\/div>\n\t\t\t\t<div class=\"elementor-column elementor-col-50 elementor-top-column elementor-element elementor-element-43633cb mkdf-appearing-section mkdf-eh-item-project\" data-id=\"43633cb\" data-element_type=\"column\" data-settings=\"{&quot;background_background&quot;:&quot;classic&quot;}\">\n\t\t\t<div class=\"elementor-widget-wrap elementor-element-populated\">\n\t\t\t\t\t\t<div class=\"elementor-element elementor-element-8c10118 elementor-widget elementor-widget-heading\" data-id=\"8c10118\" data-element_type=\"widget\" data-widget_type=\"heading.default\">\n\t\t\t\t<div class=\"elementor-widget-container\">\n\t\t\t\t\t<h2 class=\"elementor-heading-title elementor-size-default\">Hochwertige Qualit\u00e4t\nzum richtigen Preis<\/h2>\t\t\t\t<\/div>\n\t\t\t\t<\/div>\n\t\t\t\t<div class=\"elementor-element elementor-element-9a8505a elementor-widget elementor-widget-text-editor\" data-id=\"9a8505a\" data-element_type=\"widget\" data-widget_type=\"text-editor.default\">\n\t\t\t\t<div class=\"elementor-widget-container\">\n\t\t\t\t\t\t\t\t\t<p><span style=\"color: #ffffff;\">In Italien entwickelt, hergestellt und getestet.<\/span><\/p><p><span style=\"color: #ffffff;\">Die Hochwasserschutz-Barrieren werden millimetergenau bis zu einer Breite von 500 cm und mit einer Teilung von 20 zu 20 cm, bis zu einer H\u00f6he von 240 cm gefertigt.<\/span><br \/><span style=\"color: #ffffff;\">Sie k\u00f6nnen individuell angepasst werden, indem z. B. Ganzfeldh\u00f6hen, Zwischenh\u00f6hen und nicht orthogonale Barrieren, erstellt werden.<\/span><\/p><p><span style=\"color: #ffffff;\">Wir sind in der Lage die effektivste L\u00f6sung als Antwort auf Ihre Anforderungen anzubieten. Jedes Projekt ist anders. Wir k\u00f6nnen unsere L\u00f6sungen an verschiedene Architekturen anpassen.<\/span><\/p>\t\t\t\t\t\t\t\t<\/div>\n\t\t\t\t<\/div>\n\t\t\t\t\t<\/div>\n\t\t<\/div>\n\t\t\t\t\t<\/div>\n\t\t<\/section>\n\t\t\t\t<section class=\"elementor-section elementor-top-section elementor-element elementor-element-db29f84 elementor-section-full_width elementor-section-height-default elementor-section-height-default mkdf-parallax-row-no mkdf-content-aligment-left mkdf-elementor-row-grid-no mkdf-disabled-bg-image-bellow-no mkdf-row-btt-light\" data-id=\"db29f84\" data-element_type=\"section\" data-settings=\"{&quot;background_background&quot;:&quot;classic&quot;}\">\n\t\t\t\t\t\t<div class=\"elementor-container elementor-column-gap-default\">\n\t\t\t\t\t<div class=\"elementor-column elementor-col-20 elementor-top-column elementor-element elementor-element-0670384\" data-id=\"0670384\" data-element_type=\"column\" data-settings=\"{&quot;background_background&quot;:&quot;classic&quot;}\">\n\t\t\t<div class=\"elementor-widget-wrap\">\n\t\t\t\t\t\t\t<\/div>\n\t\t<\/div>\n\t\t\t\t<div class=\"elementor-column elementor-col-20 elementor-top-column elementor-element elementor-element-d1a4da6\" data-id=\"d1a4da6\" data-element_type=\"column\" data-settings=\"{&quot;background_background&quot;:&quot;classic&quot;}\">\n\t\t\t<div class=\"elementor-widget-wrap elementor-element-populated\">\n\t\t\t\t\t\t<div class=\"elementor-element elementor-element-05e8425 elementor-widget elementor-widget-heading\" data-id=\"05e8425\" data-element_type=\"widget\" data-widget_type=\"heading.default\">\n\t\t\t\t<div class=\"elementor-widget-container\">\n\t\t\t\t\t<h2 class=\"elementor-heading-title elementor-size-default\">Leicht, handlich\n&amp; widerstandsf\u00e4hig<\/h2>\t\t\t\t<\/div>\n\t\t\t\t<\/div>\n\t\t\t\t<div class=\"elementor-element elementor-element-e020906 elementor-widget elementor-widget-text-editor\" data-id=\"e020906\" data-element_type=\"widget\" data-widget_type=\"text-editor.default\">\n\t\t\t\t<div class=\"elementor-widget-container\">\n\t\t\t\t\t\t\t\t\t<p>Beim Design steht die Leichtigkeit und Handhabung des Produkts an erster Stelle.<br \/>Um eine dauerhafte Leistung zu garantieren, w\u00e4hlen wir nur die<br \/>besten Materialien: antikorodales Aluminium mit anodischer Oxidationsbehandlung, Edelstahl AISI 316, Dichtungen f\u00fcr Salz- oder S\u00fc\u00dfwasser, Komponenten mit niedrigem Alterungskoeffizienten und hoher Best\u00e4ndigkeit gegen Verschlei\u00df und vor allem gegen galvanische Korrosion.<\/p>\t\t\t\t\t\t\t\t<\/div>\n\t\t\t\t<\/div>\n\t\t\t\t\t<\/div>\n\t\t<\/div>\n\t\t\t\t<div class=\"elementor-column elementor-col-20 elementor-top-column elementor-element elementor-element-1f1d8b8\" data-id=\"1f1d8b8\" data-element_type=\"column\" data-settings=\"{&quot;background_background&quot;:&quot;classic&quot;}\">\n\t\t\t<div class=\"elementor-widget-wrap elementor-element-populated\">\n\t\t\t\t\t\t<div class=\"elementor-element elementor-element-62449e9 elementor-widget elementor-widget-image\" data-id=\"62449e9\" data-element_type=\"widget\" data-widget_type=\"image.default\">\n\t\t\t\t<div class=\"elementor-widget-container\">\n\t\t\t\t\t\t\t\t\t\t\t\t\t\t\t<img fetchpriority=\"high\" decoding=\"async\" width=\"698\" height=\"1024\" src=\"https:\/\/wyen.ihrname.be\/hochwasserschutz\/wp-content\/uploads\/sites\/3\/2025\/04\/wyen-hws-infos-h03-698x1024.png\" class=\"attachment-large size-large wp-image-9546\" alt=\"\" srcset=\"https:\/\/wyen.ihrname.be\/hochwasserschutz\/wp-content\/uploads\/sites\/3\/2025\/04\/wyen-hws-infos-h03-698x1024.png 698w, https:\/\/wyen.ihrname.be\/hochwasserschutz\/wp-content\/uploads\/sites\/3\/2025\/04\/wyen-hws-infos-h03-205x300.png 205w, https:\/\/wyen.ihrname.be\/hochwasserschutz\/wp-content\/uploads\/sites\/3\/2025\/04\/wyen-hws-infos-h03-768x1127.png 768w, https:\/\/wyen.ihrname.be\/hochwasserschutz\/wp-content\/uploads\/sites\/3\/2025\/04\/wyen-hws-infos-h03.png 818w\" sizes=\"(max-width: 698px) 100vw, 698px\" \/>\t\t\t\t\t\t\t\t\t\t\t\t\t\t\t<\/div>\n\t\t\t\t<\/div>\n\t\t\t\t\t<\/div>\n\t\t<\/div>\n\t\t\t\t<div class=\"elementor-column elementor-col-20 elementor-top-column elementor-element elementor-element-f88de4b\" data-id=\"f88de4b\" data-element_type=\"column\" data-settings=\"{&quot;background_background&quot;:&quot;classic&quot;}\">\n\t\t\t<div class=\"elementor-widget-wrap elementor-element-populated\">\n\t\t\t\t\t\t<div class=\"elementor-element elementor-element-7e97b60 elementor-widget elementor-widget-image\" data-id=\"7e97b60\" data-element_type=\"widget\" data-widget_type=\"image.default\">\n\t\t\t\t<div class=\"elementor-widget-container\">\n\t\t\t\t\t\t\t\t\t\t\t\t\t\t\t<img decoding=\"async\" width=\"698\" height=\"1024\" src=\"https:\/\/wyen.ihrname.be\/hochwasserschutz\/wp-content\/uploads\/sites\/3\/2025\/04\/wyen-hws-infos-h04-698x1024.png\" class=\"attachment-large size-large wp-image-9547\" alt=\"\" srcset=\"https:\/\/wyen.ihrname.be\/hochwasserschutz\/wp-content\/uploads\/sites\/3\/2025\/04\/wyen-hws-infos-h04-698x1024.png 698w, https:\/\/wyen.ihrname.be\/hochwasserschutz\/wp-content\/uploads\/sites\/3\/2025\/04\/wyen-hws-infos-h04-205x300.png 205w, https:\/\/wyen.ihrname.be\/hochwasserschutz\/wp-content\/uploads\/sites\/3\/2025\/04\/wyen-hws-infos-h04-768x1127.png 768w, https:\/\/wyen.ihrname.be\/hochwasserschutz\/wp-content\/uploads\/sites\/3\/2025\/04\/wyen-hws-infos-h04.png 818w\" sizes=\"(max-width: 698px) 100vw, 698px\" \/>\t\t\t\t\t\t\t\t\t\t\t\t\t\t\t<\/div>\n\t\t\t\t<\/div>\n\t\t\t\t\t<\/div>\n\t\t<\/div>\n\t\t\t\t<div class=\"elementor-column elementor-col-20 elementor-top-column elementor-element elementor-element-8323178\" data-id=\"8323178\" data-element_type=\"column\" data-settings=\"{&quot;background_background&quot;:&quot;classic&quot;}\">\n\t\t\t<div class=\"elementor-widget-wrap\">\n\t\t\t\t\t\t\t<\/div>\n\t\t<\/div>\n\t\t\t\t\t<\/div>\n\t\t<\/section>\n\t\t\t\t<section class=\"elementor-section elementor-top-section elementor-element elementor-element-957fadf elementor-section-boxed elementor-section-height-default elementor-section-height-default mkdf-parallax-row-no mkdf-content-aligment-left mkdf-elementor-row-grid-no mkdf-disabled-bg-image-bellow-no mkdf-row-btt-light\" data-id=\"957fadf\" data-element_type=\"section\" data-settings=\"{&quot;background_background&quot;:&quot;classic&quot;}\">\n\t\t\t\t\t\t<div class=\"elementor-container elementor-column-gap-default\">\n\t\t\t\t\t<div class=\"elementor-column elementor-col-50 elementor-top-column elementor-element elementor-element-e485f96 elementor-hidden-tablet elementor-hidden-phone\" data-id=\"e485f96\" data-element_type=\"column\">\n\t\t\t<div class=\"elementor-widget-wrap\">\n\t\t\t\t\t\t\t<\/div>\n\t\t<\/div>\n\t\t\t\t<div class=\"elementor-column elementor-col-50 elementor-top-column elementor-element elementor-element-2269a2a mkdf-appearing-section mkdf-eh-item-project\" data-id=\"2269a2a\" data-element_type=\"column\" data-settings=\"{&quot;background_background&quot;:&quot;classic&quot;}\">\n\t\t\t<div class=\"elementor-widget-wrap elementor-element-populated\">\n\t\t\t\t\t\t<div class=\"elementor-element elementor-element-bfe6c0f elementor-widget elementor-widget-heading\" data-id=\"bfe6c0f\" data-element_type=\"widget\" data-widget_type=\"heading.default\">\n\t\t\t\t<div class=\"elementor-widget-container\">\n\t\t\t\t\t<h2 class=\"elementor-heading-title elementor-size-default\">Elegantes und<br>\nfunktionales Design<\/h2>\t\t\t\t<\/div>\n\t\t\t\t<\/div>\n\t\t\t\t<div class=\"elementor-element elementor-element-a380596 elementor-widget elementor-widget-text-editor\" data-id=\"a380596\" data-element_type=\"widget\" data-widget_type=\"text-editor.default\">\n\t\t\t\t<div class=\"elementor-widget-container\">\n\t\t\t\t\t\t\t\t\t<p><span style=\"color: #ffffff;\">Um auch die anspruchsvollsten Architekten und Kunden zufrieden zu stellen wurden einzigartige L\u00f6sungen entwickelt, um die eventuellen seitlichen Dichtungsprofile zu verbergen, die Befestigungselemente und eventuelle Mechanismen zu verstecken und sie in elegante dekorative Rahmen zu verwandeln, die zu den architektonischen Bauteilen passen.<\/span><\/p><p>\u00a0<\/p>\t\t\t\t\t\t\t\t<\/div>\n\t\t\t\t<\/div>\n\t\t\t\t<div class=\"elementor-element elementor-element-814bc85 elementor-icon-list--layout-traditional elementor-list-item-link-full_width elementor-widget elementor-widget-icon-list\" data-id=\"814bc85\" data-element_type=\"widget\" data-widget_type=\"icon-list.default\">\n\t\t\t\t<div class=\"elementor-widget-container\">\n\t\t\t\t\t\t\t<ul class=\"elementor-icon-list-items\">\n\t\t\t\t\t\t\t<li class=\"elementor-icon-list-item\">\n\t\t\t\t\t\t\t\t\t\t\t<span class=\"elementor-icon-list-icon\">\n\t\t\t\t\t\t\t<svg aria-hidden=\"true\" class=\"e-font-icon-svg e-fas-check-circle\" viewBox=\"0 0 512 512\" xmlns=\"http:\/\/www.w3.org\/2000\/svg\"><path d=\"M504 256c0 136.967-111.033 248-248 248S8 392.967 8 256 119.033 8 256 8s248 111.033 248 248zM227.314 387.314l184-184c6.248-6.248 6.248-16.379 0-22.627l-22.627-22.627c-6.248-6.249-16.379-6.249-22.628 0L216 308.118l-70.059-70.059c-6.248-6.248-16.379-6.248-22.628 0l-22.627 22.627c-6.248 6.248-6.248 16.379 0 22.627l104 104c6.249 6.249 16.379 6.249 22.628.001z\"><\/path><\/svg>\t\t\t\t\t\t<\/span>\n\t\t\t\t\t\t\t\t\t\t<span class=\"elementor-icon-list-text\">Erh\u00e4ltlich in RAL-Farben<\/span>\n\t\t\t\t\t\t\t\t\t<\/li>\n\t\t\t\t\t\t\t\t<li class=\"elementor-icon-list-item\">\n\t\t\t\t\t\t\t\t\t\t\t<span class=\"elementor-icon-list-icon\">\n\t\t\t\t\t\t\t<svg aria-hidden=\"true\" class=\"e-font-icon-svg e-fas-check-circle\" viewBox=\"0 0 512 512\" xmlns=\"http:\/\/www.w3.org\/2000\/svg\"><path d=\"M504 256c0 136.967-111.033 248-248 248S8 392.967 8 256 119.033 8 256 8s248 111.033 248 248zM227.314 387.314l184-184c6.248-6.248 6.248-16.379 0-22.627l-22.627-22.627c-6.248-6.249-16.379-6.249-22.628 0L216 308.118l-70.059-70.059c-6.248-6.248-16.379-6.248-22.628 0l-22.627 22.627c-6.248 6.248-6.248 16.379 0 22.627l104 104c6.249 6.249 16.379 6.249 22.628.001z\"><\/path><\/svg>\t\t\t\t\t\t<\/span>\n\t\t\t\t\t\t\t\t\t\t<span class=\"elementor-icon-list-text\">Integration von LED-Beleuchtung m\u00f6glich<\/span>\n\t\t\t\t\t\t\t\t\t<\/li>\n\t\t\t\t\t\t<\/ul>\n\t\t\t\t\t\t<\/div>\n\t\t\t\t<\/div>\n\t\t\t\t\t<\/div>\n\t\t<\/div>\n\t\t\t\t\t<\/div>\n\t\t<\/section>\n\t\t\t\t<section class=\"elementor-section elementor-top-section elementor-element elementor-element-2ba470c elementor-section-full_width elementor-section-height-default elementor-section-height-default mkdf-parallax-row-no mkdf-content-aligment-left mkdf-elementor-row-grid-no mkdf-disabled-bg-image-bellow-no mkdf-row-btt-light\" data-id=\"2ba470c\" data-element_type=\"section\" data-settings=\"{&quot;background_background&quot;:&quot;classic&quot;}\">\n\t\t\t\t\t\t<div class=\"elementor-container elementor-column-gap-default\">\n\t\t\t\t\t<div class=\"elementor-column elementor-col-20 elementor-top-column elementor-element elementor-element-55dbb1a\" data-id=\"55dbb1a\" data-element_type=\"column\" data-settings=\"{&quot;background_background&quot;:&quot;classic&quot;}\">\n\t\t\t<div class=\"elementor-widget-wrap\">\n\t\t\t\t\t\t\t<\/div>\n\t\t<\/div>\n\t\t\t\t<div class=\"elementor-column elementor-col-20 elementor-top-column elementor-element elementor-element-9fd807c\" data-id=\"9fd807c\" data-element_type=\"column\" data-settings=\"{&quot;background_background&quot;:&quot;classic&quot;}\">\n\t\t\t<div class=\"elementor-widget-wrap elementor-element-populated\">\n\t\t\t\t\t\t<div class=\"elementor-element elementor-element-1c01b3a elementor-widget elementor-widget-heading\" data-id=\"1c01b3a\" data-element_type=\"widget\" data-widget_type=\"heading.default\">\n\t\t\t\t<div class=\"elementor-widget-container\">\n\t\t\t\t\t<h2 class=\"elementor-heading-title elementor-size-default\">Sichere, patentierte\nund zertifizierte\nHochwasserschutz L\u00f6sungen<\/h2>\t\t\t\t<\/div>\n\t\t\t\t<\/div>\n\t\t\t\t<div class=\"elementor-element elementor-element-5e5efbb elementor-widget elementor-widget-text-editor\" data-id=\"5e5efbb\" data-element_type=\"widget\" data-widget_type=\"text-editor.default\">\n\t\t\t\t<div class=\"elementor-widget-container\">\n\t\t\t\t\t\t\t\t\t<p>Ihre Sicherheit ist unser Auftrag.Wir produzieren 14 Arten von \u00dcberschwemmungsschutzvor richtungen, die auch Au\u00dfensteckdosen, Sanit\u00e4rarmaturen, Rohre und Sch\u00e4chte verschlie\u00dfen, alles streng Made in Italy.<br \/>Unsere Hochwasserschutzw\u00e4nde sind auf hohe Sicherheitsstandards gepr\u00fcft, mit Garantie zertifiziert und auch gegen Sch\u00e4den versichert.<br \/>Wir liefern nur sichere, gepr\u00fcfte und zertifizierte Produkte. Alle produzierten Hochwasserschutz-Barrieren unterfallen zertifizierten Tests.<\/p>\t\t\t\t\t\t\t\t<\/div>\n\t\t\t\t<\/div>\n\t\t\t\t\t<\/div>\n\t\t<\/div>\n\t\t\t\t<div class=\"elementor-column elementor-col-20 elementor-top-column elementor-element elementor-element-e7eed34\" data-id=\"e7eed34\" data-element_type=\"column\" data-settings=\"{&quot;background_background&quot;:&quot;classic&quot;}\">\n\t\t\t<div class=\"elementor-widget-wrap elementor-element-populated\">\n\t\t\t\t\t\t<div class=\"elementor-element elementor-element-9db01e4 elementor-widget elementor-widget-image\" data-id=\"9db01e4\" data-element_type=\"widget\" data-widget_type=\"image.default\">\n\t\t\t\t<div class=\"elementor-widget-container\">\n\t\t\t\t\t\t\t\t\t\t\t\t\t\t\t<img decoding=\"async\" width=\"400\" height=\"403\" src=\"https:\/\/wyen.ihrname.be\/hochwasserschutz\/wp-content\/uploads\/sites\/3\/2025\/04\/05_Made-in-Italy.jpeg\" class=\"attachment-large size-large wp-image-9548\" alt=\"\" srcset=\"https:\/\/wyen.ihrname.be\/hochwasserschutz\/wp-content\/uploads\/sites\/3\/2025\/04\/05_Made-in-Italy.jpeg 400w, https:\/\/wyen.ihrname.be\/hochwasserschutz\/wp-content\/uploads\/sites\/3\/2025\/04\/05_Made-in-Italy-298x300.jpeg 298w, https:\/\/wyen.ihrname.be\/hochwasserschutz\/wp-content\/uploads\/sites\/3\/2025\/04\/05_Made-in-Italy-150x150.jpeg 150w\" sizes=\"(max-width: 400px) 100vw, 400px\" \/>\t\t\t\t\t\t\t\t\t\t\t\t\t\t\t<\/div>\n\t\t\t\t<\/div>\n\t\t\t\t\t<\/div>\n\t\t<\/div>\n\t\t\t\t<div class=\"elementor-column elementor-col-20 elementor-top-column elementor-element elementor-element-eb62212\" data-id=\"eb62212\" data-element_type=\"column\" data-settings=\"{&quot;background_background&quot;:&quot;classic&quot;}\">\n\t\t\t<div class=\"elementor-widget-wrap elementor-element-populated\">\n\t\t\t\t\t\t<div class=\"elementor-element elementor-element-f409350 elementor-widget elementor-widget-image\" data-id=\"f409350\" data-element_type=\"widget\" data-widget_type=\"image.default\">\n\t\t\t\t<div class=\"elementor-widget-container\">\n\t\t\t\t\t\t\t\t\t\t\t\t\t\t\t<img loading=\"lazy\" decoding=\"async\" width=\"400\" height=\"489\" src=\"https:\/\/wyen.ihrname.be\/hochwasserschutz\/wp-content\/uploads\/sites\/3\/2025\/04\/06_istituto_giordano.jpg\" class=\"attachment-large size-large wp-image-9549\" alt=\"\" srcset=\"https:\/\/wyen.ihrname.be\/hochwasserschutz\/wp-content\/uploads\/sites\/3\/2025\/04\/06_istituto_giordano.jpg 400w, https:\/\/wyen.ihrname.be\/hochwasserschutz\/wp-content\/uploads\/sites\/3\/2025\/04\/06_istituto_giordano-245x300.jpg 245w\" sizes=\"(max-width: 400px) 100vw, 400px\" \/>\t\t\t\t\t\t\t\t\t\t\t\t\t\t\t<\/div>\n\t\t\t\t<\/div>\n\t\t\t\t\t<\/div>\n\t\t<\/div>\n\t\t\t\t<div class=\"elementor-column elementor-col-20 elementor-top-column elementor-element elementor-element-7a16f6c\" data-id=\"7a16f6c\" data-element_type=\"column\" data-settings=\"{&quot;background_background&quot;:&quot;classic&quot;}\">\n\t\t\t<div class=\"elementor-widget-wrap\">\n\t\t\t\t\t\t\t<\/div>\n\t\t<\/div>\n\t\t\t\t\t<\/div>\n\t\t<\/section>\n\t\t\t\t<\/div>\n\t\t","protected":false},"excerpt":{"rendered":"<p>Hochwertige Qualit\u00e4t zum richtigen Preis In Italien entwickelt, hergestellt und getestet. Die Hochwasserschutz-Barrieren werden millimetergenau bis zu einer Breite von 500 cm und mit einer Teilung von 20 zu 20 cm, bis zu einer H\u00f6he von 240 cm gefertigt.Sie k\u00f6nnen [&hellip;]<\/p>\n","protected":false},"author":1,"featured_media":0,"parent":0,"menu_order":0,"comment_status":"closed","ping_status":"closed","template":"full-width.php","meta":{"footnotes":""},"class_list":["post-9533","page","type-page","status-publish","hentry"],"_links":{"self":[{"href":"https:\/\/wyen.ihrname.be\/hochwasserschutz\/wp-json\/wp\/v2\/pages\/9533","targetHints":{"allow":["GET"]}}],"collection":[{"href":"https:\/\/wyen.ihrname.be\/hochwasserschutz\/wp-json\/wp\/v2\/pages"}],"about":[{"href":"https:\/\/wyen.ihrname.be\/hochwasserschutz\/wp-json\/wp\/v2\/types\/page"}],"author":[{"embeddable":true,"href":"https:\/\/wyen.ihrname.be\/hochwasserschutz\/wp-json\/wp\/v2\/users\/1"}],"replies":[{"embeddable":true,"href":"https:\/\/wyen.ihrname.be\/hochwasserschutz\/wp-json\/wp\/v2\/comments?post=9533"}],"version-history":[{"count":55,"href":"https:\/\/wyen.ihrname.be\/hochwasserschutz\/wp-json\/wp\/v2\/pages\/9533\/revisions"}],"predecessor-version":[{"id":9840,"href":"https:\/\/wyen.ihrname.be\/hochwasserschutz\/wp-json\/wp\/v2\/pages\/9533\/revisions\/9840"}],"wp:attachment":[{"href":"https:\/\/wyen.ihrname.be\/hochwasserschutz\/wp-json\/wp\/v2\/media?parent=9533"}],"curies":[{"name":"wp","href":"https:\/\/api.w.org\/{rel}","templated":true}]}}