{"id":9486,"date":"2025-04-15T11:31:14","date_gmt":"2025-04-15T09:31:14","guid":{"rendered":"https:\/\/wyen.ihrname.be\/oberflaecheninstandsetzung\/?page_id=9486"},"modified":"2025-04-23T10:55:30","modified_gmt":"2025-04-23T08:55:30","slug":"datenschutzerklaerung","status":"publish","type":"page","link":"https:\/\/wyen.ihrname.be\/oberflaecheninstandsetzung\/datenschutzerklaerung\/","title":{"rendered":"Datenschutzerkl\u00e4rung"},"content":{"rendered":"\t\t<div data-elementor-type=\"wp-page\" data-elementor-id=\"9486\" class=\"elementor elementor-9486\">\n\t\t\t\t<div class=\"elementor-element elementor-element-750bd2f e-grid e-con-boxed e-con e-parent\" data-id=\"750bd2f\" data-element_type=\"container\">\n\t\t\t\t\t<div class=\"e-con-inner\">\n\t\t\t\t<div class=\"elementor-element elementor-element-ea19469 elementor-widget elementor-widget-text-editor\" data-id=\"ea19469\" data-element_type=\"widget\" data-widget_type=\"text-editor.default\">\n\t\t\t\t<div class=\"elementor-widget-container\">\n\t\t\t\t\t\t\t\t\t<h6>Benennung der verantwortlichen Stelle<\/h6><p>Die verantwortliche Stelle f\u00fcr die Datenverarbeitung auf dieser Website ist:<\/p><p><br \/>Wyen Nicolas<\/p><p>Wyen.Pro Sarl<br \/>Hinnick 22<br \/>L-9749 Fischbach<\/p><p>E-Mail: info@wyen.pro<br \/>Tel: +32 478 37 78 59<\/p><p>\u00a0<\/p><p>Die verantwortliche Stelle entscheidet allein oder gemeinsam mit anderen \u00fcber die Zwecke und Mittel der Verarbeitung von personenbezogenen Daten (z.B. Namen, Kontaktdaten o. \u00c4.).<\/p><h6>Datensicherheit<\/h6><p>Die Sicherheit pers\u00f6nlicher Daten ist dem Herausgeber ein wichtiges Anliegen. Der Herausgeber folgt allgemeing\u00fcltigen Verfahren zum Schutz \u00fcbertragener Benutzerdaten, sowohl bei der \u00dcbermittlung als bei der Abspeicherung. Nichtsdestotrotz ist kein Online-Daten\u00fcbertragungsverfahren, bzw. kein Speicherverfahren, zu 100% sicher. Aus diesem Grund kann der Herausgeber niemals eine absolute Sicherheit gew\u00e4hrleisten.<\/p><p>Auf Grund der Notwendigkeit zum technischen Schutz der Daten durch den Herausgeber, kann dieser pers\u00f6nliche Daten auf Systemen speichern, die sich dem direkten Zugriff durch den Herausgeber entziehen (beispielsweise auf Servern von Datenzentren, Hosting-Partnern oder auf Backupservern).<\/p><h6>Widerruf Ihrer Einwilligung zur Datenverarbeitung<\/h6><p>Nur mit Ihrer ausdr\u00fccklichen Einwilligung sind einige Vorg\u00e4nge der Datenverarbeitung m\u00f6glich. Ein Widerruf Ihrer bereits erteilten Einwilligung ist jederzeit m\u00f6glich. F\u00fcr den Widerruf gen\u00fcgt eine formlose Mitteilung per E-Mai an info@wyen.pro. Die Rechtm\u00e4\u00dfigkeit der bis zum Widerruf erfolgten Datenverarbeitung bleibt vom Widerruf unber\u00fchrt.<\/p><h6>SSL- bzw. TLS-Verschl\u00fcsselung<\/h6><p>Aus Sicherheitsgr\u00fcnden und zum Schutz der \u00dcbertragung vertraulicher Inhalte, die Sie an uns als Seitenbetreiber senden, nutzt unsere Website eine SSL-bzw. TLS-Verschl\u00fcsselung. Damit sind Daten, die Sie \u00fcber diese Website \u00fcbermitteln, f\u00fcr Dritte nicht mitlesbar. Sie erkennen eine verschl\u00fcsselte Verbindung an der \u201ehttps:\/\/\u201c Adresszeile Ihres Browsers und am Schloss-Symbol in der Browserzeile.<\/p><h6>Kontaktformular<\/h6><p>Per Kontaktformular \u00fcbermittelte Daten werden einschlie\u00dflich Ihrer Kontaktdaten gespeichert, um Ihre Anfrage bearbeiten zu k\u00f6nnen oder um f\u00fcr Anschlussfragen bereitzustehen. Eine Weitergabe dieser Daten findet ohne Ihre Einwilligung nicht statt.<\/p><p>Die Verarbeitung der in das Kontaktformular eingegebenen Daten erfolgt ausschlie\u00dflich auf Grundlage Ihrer Einwilligung. Ein Widerruf Ihrer bereits erteilten Einwilligung ist jederzeit m\u00f6glich. F\u00fcr den Widerruf gen\u00fcgt eine formlose Mitteilung per E-Mail. Die Rechtm\u00e4\u00dfigkeit der bis zum Widerruf erfolgten Datenverarbeitungsvorg\u00e4nge bleibt vom Widerruf unber\u00fchrt.<\/p><p>\u00dcber das Kontaktformular \u00fcbermittelte Daten verbleiben bei uns, bis Sie uns zur L\u00f6schung auffordern, Ihre Einwilligung zur Speicherung widerrufen oder keine Notwendigkeit der Datenspeicherung mehr besteht. Zwingende gesetzliche Bestimmungen \u2013 insbesondere Aufbewahrungsfristen \u2013 bleiben unber\u00fchrt.<\/p><h6>Cookies<\/h6><p>Unsere Website verwendet Cookies. Das sind kleine Textdateien, die Ihr Webbrowser auf Ihrem Endger\u00e4t speichert. Cookies helfen uns dabei, unser Angebot nutzerfreundlicher, effektiver und sicherer zu machen.<\/p><p>Einige Cookies sind \u201cSession-Cookies.\u201d Solche Cookies werden nach Ende Ihrer Browser-Sitzung von selbst gel\u00f6scht. Hingegen bleiben andere Cookies auf Ihrem Endger\u00e4t bestehen, bis Sie diese selbst l\u00f6schen. Solche Cookies helfen uns, Sie bei R\u00fcckkehr auf unserer Website wiederzuerkennen.<\/p><p>Mit einem modernen Webbrowser k\u00f6nnen Sie das Setzen von Cookies \u00fcberwachen, einschr\u00e4nken oder unterbinden. Viele Webbrowser lassen sich so konfigurieren, dass Cookies mit dem Schlie\u00dfen des Programms von selbst gel\u00f6scht werden. Die Deaktivierung von Cookies kann eine eingeschr\u00e4nkte Funktionalit\u00e4t unserer Website zur Folge haben.<\/p><h6>Inhalte<\/h6><p>Artikel auf dieser Website k\u00f6nnen eingebettete Inhalte enthalten (z. B. Videos, Bilder, Artikel usw.). Eingebettete Inhalte von anderen Websites verhalten sich genau so, als ob der Besucher die andere Website besucht h\u00e4tte.<\/p><p>Diese Websites k\u00f6nnen Daten \u00fcber Sie sammeln, Cookies verwenden, zus\u00e4tzliches Tracking von Drittanbietern einbetten und Ihre Interaktion mit diesen eingebetteten Inhalten \u00fcberwachen, einschlie\u00dflich der Verfolgung Ihrer Interaktion mit den eingebetteten Inhalten, wenn Sie ein Konto haben und auf dieser Website angemeldet sind.<\/p><h6>Speicherdauer<\/h6><p>Die konkrete Speicherdauer der verarbeiteten Daten ist nicht durch uns beeinflussbar, sondern wird von Google Ireland Limited bestimmt. Weitere Hinweise finden Sie in der Datenschutzerkl\u00e4rung f\u00fcr Google Maps:\u00a0<a href=\"https:\/\/policies.google.com\/privacy\">https:\/\/policies.google.com\/privacy<\/a>.<\/p>\t\t\t\t\t\t\t\t<\/div>\n\t\t\t\t<\/div>\n\t\t\t\t\t<\/div>\n\t\t\t\t<\/div>\n\t\t\t\t<\/div>\n\t\t","protected":false},"excerpt":{"rendered":"<p>Benennung der verantwortlichen Stelle Die verantwortliche Stelle f\u00fcr die Datenverarbeitung auf dieser Website ist: Wyen Nicolas Wyen.Pro SarlHinnick 22L-9749 Fischbach E-Mail: info@wyen.proTel: +32 478 37 78 59 \u00a0 Die verantwortliche Stelle entscheidet allein oder gemeinsam mit anderen \u00fcber die Zwecke [&hellip;]<\/p>\n","protected":false},"author":1,"featured_media":0,"parent":0,"menu_order":0,"comment_status":"closed","ping_status":"closed","template":"full-width.php","meta":{"footnotes":""},"class_list":["post-9486","page","type-page","status-publish","hentry"],"_links":{"self":[{"href":"https:\/\/wyen.ihrname.be\/oberflaecheninstandsetzung\/wp-json\/wp\/v2\/pages\/9486","targetHints":{"allow":["GET"]}}],"collection":[{"href":"https:\/\/wyen.ihrname.be\/oberflaecheninstandsetzung\/wp-json\/wp\/v2\/pages"}],"about":[{"href":"https:\/\/wyen.ihrname.be\/oberflaecheninstandsetzung\/wp-json\/wp\/v2\/types\/page"}],"author":[{"embeddable":true,"href":"https:\/\/wyen.ihrname.be\/oberflaecheninstandsetzung\/wp-json\/wp\/v2\/users\/1"}],"replies":[{"embeddable":true,"href":"https:\/\/wyen.ihrname.be\/oberflaecheninstandsetzung\/wp-json\/wp\/v2\/comments?post=9486"}],"version-history":[{"count":8,"href":"https:\/\/wyen.ihrname.be\/oberflaecheninstandsetzung\/wp-json\/wp\/v2\/pages\/9486\/revisions"}],"predecessor-version":[{"id":9737,"href":"https:\/\/wyen.ihrname.be\/oberflaecheninstandsetzung\/wp-json\/wp\/v2\/pages\/9486\/revisions\/9737"}],"wp:attachment":[{"href":"https:\/\/wyen.ihrname.be\/oberflaecheninstandsetzung\/wp-json\/wp\/v2\/media?parent=9486"}],"curies":[{"name":"wp","href":"https:\/\/api.w.org\/{rel}","templated":true}]}}